{"id":3,"date":"2019-04-09T06:09:48","date_gmt":"2019-04-09T06:09:48","guid":{"rendered":"http:\/\/constforma.com\/?page_id=3"},"modified":"2024-11-20T12:19:48","modified_gmt":"2024-11-20T12:19:48","slug":"privacy-policy","status":"publish","type":"page","link":"https:\/\/constforma.com\/?page_id=3","title":{"rendered":"Pol\u00edtica de privacidad"},"content":{"rendered":"<p>[et_pb_section admin_label=\u00bbsection\u00bb]<br \/>\n\t\t[et_pb_row admin_label=\u00bbrow\u00bb]<br \/>\n\t\t\t[et_pb_column type=\u00bb4_4&#8243;][et_pb_text admin_label=\u00bbText\u00bb]<\/p>\n\n\n<p>A efecto de lo previsto en la Ley Org\u00e1nica 15\/1999, de 13 de diciembre, de Protecci\u00f3n de Datos de Car\u00e1cter Personal CIPRIAN OCTAVIAN MANEA&nbsp; con CIF X7512617N informa al Usuario de que es titular de ficheros de datos de car\u00e1cter personal inscritos en el R.G.P.D. (Registro General de Protecci\u00f3n de Datos) en los que sus datos quedan incorporados y son tratados con el fin de prestarle los servicios solicitados y enviarle la informaci\u00f3n acerca de nuestra empresa que pueda ser de su inter\u00e9s.<\/p>\n\n\n\n<p>ENVIO Y REGISTRO DE DATOS DE CAR\u00c1CTER PERSONAL<\/p>\n\n\n\n<p>El env\u00edo de datos de car\u00e1cter personal es obligatorio para contactar y recibir informaci\u00f3n sobre&nbsp; los servicios prestados por CIPRIAN OCTAVIAN MANEA. Asimismo, el no facilitar los datos personales solicitados o el no aceptar la presente pol\u00edtica de protecci\u00f3n de datos supone la imposibilidad de suscribirse, registrarse o recibir informaci\u00f3n de dichos servicios.<\/p>\n\n\n\n<p>De acuerdo a lo establecido en la Ley Org\u00e1nica 15\/1999, de 13 de diciembre, de Protecci\u00f3n de Datos de Car\u00e1cter Personal, le informamos que los datos personales que se obtengan como consecuencia de su env\u00edo de datos personales, ser\u00e1n incorporados a un fichero titularidad de CIPRIAN OCTAVIAN MANEA con domicilio C\/ Doctor Fleming 1, Bajo E 46960 Aldaia (VALENCIA), teniendo implementadas todas las medidas de seguridad establecidas en el Real Decreto 1720\/2007.<\/p>\n\n\n\n<p>Exactitud y veracidad de los datos facilitados.<\/p>\n\n\n\n<p>El Usuario que env\u00eda la informaci\u00f3n a CIPRIAN OCTAVIAN MANEA es el \u00fanico responsable de la veracidad y correcci\u00f3n de los datos incluidos, exoner\u00e1ndose CIPRIAN OCTAVIAN MANEA de cualquier responsabilidad al respecto.<\/p>\n\n\n\n<p>Los usuarios garantizan y responden, en cualquier caso, de la exactitud, vigencia y autenticidad de los datos personales facilitados, y se comprometen a mantenerlos debidamente actualizados. El usuario acepta proporcionar informaci\u00f3n completa y correcta en el formulario de registro o suscripci\u00f3n.<\/p>\n\n\n\n<p>CIPRIAN OCTAVIAN MANEA no responde de la veracidad de las informaciones que no sean de elaboraci\u00f3n propia y de las que se indique otra fuente, por lo que tampoco asume responsabilidad alguna en cuanto a hipot\u00e9ticos perjuicios que pudieran originarse por el uso de dicha informaci\u00f3n. Se exonera a CIPRIAN OCTAVIAN MANEA de responsabilidad ante cualquier da\u00f1o o perjuicio que pudiera sufrir el Usuario como consecuencia de errores, defectos u omisiones, en la informaci\u00f3n facilitada por conforma.com siempre que proceda de fuentes ajenas a CIPRIAN OCTAVIAN MANEA<\/p>\n\n\n\n<p>Cesi\u00f3n de datos a terceros.<\/p>\n\n\n\n<p>CIPRIAN OCTAVIAN MANEA no ceder\u00e1 los datos personales a terceros. No obstante, en el caso de ser cedidos a alg\u00fan tercero se producir\u00eda una informaci\u00f3n previa solicitando el consentimiento expreso del afectado en virtud del Art. 6 LOPD.<\/p>\n\n\n\n<p>Ejercicio de derechos de acceso, rectificaci\u00f3n, cancelaci\u00f3n y oposici\u00f3n.<\/p>\n\n\n\n<p>Podr\u00e1 dirigir sus comunicaciones y ejercitar los derechos de acceso, rectificaci\u00f3n, cancelaci\u00f3n y oposici\u00f3n a trav\u00e9s de correo postal en: CIPRIAN OCTAVIAN MANEA C\/ Doctor Fleming 1, Bajo E 46960 Aldaia (VALENCIA), o al correo electr\u00f3nico: <a href=\"mailto:info@constforma.com\">info@constforma.com<\/a><strong><em>\u00a0 <\/em><\/strong>junto con prueba v\u00e1lida en derecho, como fotocopia del D.N.I. e indicando en el asunto \u00abPROTECCI\u00d3N DE DATOS\u00bb.<\/p>\n\n\n\n<p>Aceptaci\u00f3n y Consentimiento.<\/p>\n\n\n\n<p>El Usuario declara haber sido informado de las condiciones sobre protecci\u00f3n de datos de car\u00e1cter personal, aceptando y consintiendo el tratamiento de los mismos por parte de C\/ Doctor Fleming 1, Bajo E 46960 Aldaia (VALENCIA), en la forma y para las finalidades indicadas en la presente Pol\u00edtica de Protecci\u00f3n de Datos Personales.<br><\/p>\n\n\n<p>[\/et_pb_text][\/et_pb_column]<br \/>\n\t\t[\/et_pb_row]<br \/>\n\t[\/et_pb_section]<\/p>","protected":false},"excerpt":{"rendered":"<p>[et_pb_section admin_label=\u00bbsection\u00bb] [et_pb_row admin_label=\u00bbrow\u00bb] [et_pb_column type=\u00bb4_4&#8243;][et_pb_text admin_label=\u00bbText\u00bb] A efecto de lo previsto en la Ley Org\u00e1nica 15\/1999, de 13 de diciembre, de Protecci\u00f3n de Datos de Car\u00e1cter Personal CIPRIAN OCTAVIAN MANEA&nbsp; con CIF X7512617N informa al Usuario de que es titular de ficheros de datos de car\u00e1cter personal inscritos en el R.G.P.D. (Registro General de [&hellip;]<\/p>\n","protected":false},"author":1,"featured_media":0,"parent":0,"menu_order":0,"comment_status":"closed","ping_status":"open","template":"","meta":{"_et_pb_use_builder":"on","_et_pb_old_content":"<!-- wp:paragraph -->\n<p>A efecto de lo previsto en la Ley Org\u00e1nica 15\/1999, de 13 de diciembre, de Protecci\u00f3n de Datos de Car\u00e1cter Personal CIPRIAN OCTAVIAN MANEA\u00a0 con CIF X7512617N informa al Usuario de que es titular de ficheros de datos de car\u00e1cter personal inscritos en el R.G.P.D. (Registro General de Protecci\u00f3n de Datos) en los que sus datos quedan incorporados y son tratados con el fin de prestarle los servicios solicitados y enviarle la informaci\u00f3n acerca de nuestra empresa que pueda ser de su inter\u00e9s.<\/p>\n<!-- \/wp:paragraph -->\n\n<!-- wp:paragraph -->\n<p>ENVIO Y REGISTRO DE DATOS DE CAR\u00c1CTER PERSONAL<\/p>\n<!-- \/wp:paragraph -->\n\n<!-- wp:paragraph -->\n<p>El env\u00edo de datos de car\u00e1cter personal es obligatorio para contactar y recibir informaci\u00f3n sobre\u00a0 los servicios prestados por CIPRIAN OCTAVIAN MANEA. Asimismo, el no facilitar los datos personales solicitados o el no aceptar la presente pol\u00edtica de protecci\u00f3n de datos supone la imposibilidad de suscribirse, registrarse o recibir informaci\u00f3n de dichos servicios.<\/p>\n<!-- \/wp:paragraph -->\n\n<!-- wp:paragraph -->\n<p>De acuerdo a lo establecido en la Ley Org\u00e1nica 15\/1999, de 13 de diciembre, de Protecci\u00f3n de Datos de Car\u00e1cter Personal, le informamos que los datos personales que se obtengan como consecuencia de su env\u00edo de datos personales, ser\u00e1n incorporados a un fichero titularidad de CIPRIAN OCTAVIAN MANEA con domicilio C\/LA PARRETA, 28 \u00a046950 XIRIVELLA, VALENCIA, teniendo implementadas todas las medidas de seguridad establecidas en el Real Decreto 1720\/2007.<\/p>\n<!-- \/wp:paragraph -->\n\n<!-- wp:paragraph -->\n<p>Exactitud y veracidad de los datos facilitados.<\/p>\n<!-- \/wp:paragraph -->\n\n<!-- wp:paragraph -->\n<p>El Usuario que env\u00eda la informaci\u00f3n a CIPRIAN OCTAVIAN MANEA es el \u00fanico responsable de la veracidad y correcci\u00f3n de los datos incluidos, exoner\u00e1ndose CIPRIAN OCTAVIAN MANEA de cualquier responsabilidad al respecto.<\/p>\n<!-- \/wp:paragraph -->\n\n<!-- wp:paragraph -->\n<p>Los usuarios garantizan y responden, en cualquier caso, de la exactitud, vigencia y autenticidad de los datos personales facilitados, y se comprometen a mantenerlos debidamente actualizados. El usuario acepta proporcionar informaci\u00f3n completa y correcta en el formulario de registro o suscripci\u00f3n.<\/p>\n<!-- \/wp:paragraph -->\n\n<!-- wp:paragraph -->\n<p>CIPRIAN OCTAVIAN MANEA no responde de la veracidad de las informaciones que no sean de elaboraci\u00f3n propia y de las que se indique otra fuente, por lo que tampoco asume responsabilidad alguna en cuanto a hipot\u00e9ticos perjuicios que pudieran originarse por el uso de dicha informaci\u00f3n. Se exonera a CIPRIAN OCTAVIAN MANEA de responsabilidad ante cualquier da\u00f1o o perjuicio que pudiera sufrir el Usuario como consecuencia de errores, defectos u omisiones, en la informaci\u00f3n facilitada por conforma.com siempre que proceda de fuentes ajenas a CIPRIAN OCTAVIAN MANEA<\/p>\n<!-- \/wp:paragraph -->\n\n<!-- wp:paragraph -->\n<p>Cesi\u00f3n de datos a terceros.<\/p>\n<!-- \/wp:paragraph -->\n\n<!-- wp:paragraph -->\n<p>CIPRIAN OCTAVIAN MANEA no ceder\u00e1 los datos personales a terceros. No obstante, en el caso de ser cedidos a alg\u00fan tercero se producir\u00eda una informaci\u00f3n previa solicitando el consentimiento expreso del afectado en virtud del Art. 6 LOPD.<\/p>\n<!-- \/wp:paragraph -->\n\n<!-- wp:paragraph -->\n<p>Ejercicio de derechos de acceso, rectificaci\u00f3n, cancelaci\u00f3n y oposici\u00f3n.<\/p>\n<!-- \/wp:paragraph -->\n\n<!-- wp:paragraph -->\n<p>Podr\u00e1 dirigir sus comunicaciones y ejercitar los derechos de acceso, rectificaci\u00f3n, cancelaci\u00f3n y oposici\u00f3n a trav\u00e9s de correo postal en: CIPRIAN OCTAVIAN MANEA C\/LA PARRETA, 28 \u00a046950 XIRIVELLA, VALENCIA, o al correo electr\u00f3nico: <a href=\"mailto:info@constforma.com\">info@constforma.com<\/a><strong><em>\u00a0 <\/em><\/strong>junto con prueba v\u00e1lida en derecho, como fotocopia del D.N.I. e indicando en el asunto \"PROTECCI\u00d3N DE DATOS\".<\/p>\n<!-- \/wp:paragraph -->\n\n<!-- wp:paragraph -->\n<p>Aceptaci\u00f3n y Consentimiento.<\/p>\n<!-- \/wp:paragraph -->\n\n<!-- wp:paragraph -->\n<p>El Usuario declara haber sido informado de las condiciones sobre protecci\u00f3n de datos de car\u00e1cter personal, aceptando y consintiendo el tratamiento de los mismos por parte de C\/LA PARRETA, 28 \u00a046950 XIRIVELLA, VALENCIA, en la forma y para las finalidades indicadas en la presente Pol\u00edtica de Protecci\u00f3n de Datos Personales.<br><\/p>\n<!-- \/wp:paragraph -->","_exactmetrics_skip_tracking":false,"_exactmetrics_sitenote_active":false,"_exactmetrics_sitenote_note":"","_exactmetrics_sitenote_category":0,"footnotes":""},"class_list":["post-3","page","type-page","status-publish","hentry"],"yoast_head":"<!-- This site is optimized with the Yoast SEO plugin v22.6 - https:\/\/yoast.com\/wordpress\/plugins\/seo\/ -->\n<title>Pol\u00edtica de privacidad - Constforma<\/title>\n<meta name=\"robots\" content=\"noindex, nofollow\" \/>\n<meta property=\"og:locale\" content=\"es_ES\" \/>\n<meta property=\"og:type\" content=\"article\" \/>\n<meta property=\"og:title\" content=\"Pol\u00edtica de privacidad - Constforma\" \/>\n<meta property=\"og:description\" content=\"[et_pb_section admin_label=\u00bbsection\u00bb] [et_pb_row admin_label=\u00bbrow\u00bb] [et_pb_column type=\u00bb4_4&#8243;][et_pb_text admin_label=\u00bbText\u00bb] A efecto de lo previsto en la Ley Org\u00e1nica 15\/1999, de 13 de diciembre, de Protecci\u00f3n de Datos de Car\u00e1cter Personal CIPRIAN OCTAVIAN MANEA&nbsp; con CIF X7512617N informa al Usuario de que es titular de ficheros de datos de car\u00e1cter personal inscritos en el R.G.P.D. (Registro General de [&hellip;]\" \/>\n<meta property=\"og:url\" content=\"https:\/\/constforma.com\/?page_id=3\" \/>\n<meta property=\"og:site_name\" content=\"Constforma\" \/>\n<meta property=\"article:modified_time\" content=\"2024-11-20T12:19:48+00:00\" \/>\n<meta name=\"twitter:card\" content=\"summary_large_image\" \/>\n<meta name=\"twitter:label1\" content=\"Tiempo de lectura\" \/>\n\t<meta name=\"twitter:data1\" content=\"3 minutos\" \/>\n<script type=\"application\/ld+json\" class=\"yoast-schema-graph\">{\"@context\":\"https:\/\/schema.org\",\"@graph\":[{\"@type\":\"WebPage\",\"@id\":\"https:\/\/constforma.com\/?page_id=3\",\"url\":\"https:\/\/constforma.com\/?page_id=3\",\"name\":\"Pol\u00edtica de privacidad - Constforma\",\"isPartOf\":{\"@id\":\"https:\/\/constforma.com\/#website\"},\"datePublished\":\"2019-04-09T06:09:48+00:00\",\"dateModified\":\"2024-11-20T12:19:48+00:00\",\"breadcrumb\":{\"@id\":\"https:\/\/constforma.com\/?page_id=3#breadcrumb\"},\"inLanguage\":\"es\",\"potentialAction\":[{\"@type\":\"ReadAction\",\"target\":[\"https:\/\/constforma.com\/?page_id=3\"]}]},{\"@type\":\"BreadcrumbList\",\"@id\":\"https:\/\/constforma.com\/?page_id=3#breadcrumb\",\"itemListElement\":[{\"@type\":\"ListItem\",\"position\":1,\"name\":\"Portada\",\"item\":\"https:\/\/constforma.com\/\"},{\"@type\":\"ListItem\",\"position\":2,\"name\":\"Pol\u00edtica de privacidad\"}]},{\"@type\":\"WebSite\",\"@id\":\"https:\/\/constforma.com\/#website\",\"url\":\"https:\/\/constforma.com\/\",\"name\":\"Constforma\",\"description\":\"Proyectos y reformas\",\"potentialAction\":[{\"@type\":\"SearchAction\",\"target\":{\"@type\":\"EntryPoint\",\"urlTemplate\":\"https:\/\/constforma.com\/?s={search_term_string}\"},\"query-input\":\"required name=search_term_string\"}],\"inLanguage\":\"es\"}]}<\/script>\n<!-- \/ Yoast SEO plugin. -->","yoast_head_json":{"title":"Pol\u00edtica de privacidad - Constforma","robots":{"index":"noindex","follow":"nofollow"},"og_locale":"es_ES","og_type":"article","og_title":"Pol\u00edtica de privacidad - Constforma","og_description":"[et_pb_section admin_label=\u00bbsection\u00bb] [et_pb_row admin_label=\u00bbrow\u00bb] [et_pb_column type=\u00bb4_4&#8243;][et_pb_text admin_label=\u00bbText\u00bb] A efecto de lo previsto en la Ley Org\u00e1nica 15\/1999, de 13 de diciembre, de Protecci\u00f3n de Datos de Car\u00e1cter Personal CIPRIAN OCTAVIAN MANEA&nbsp; con CIF X7512617N informa al Usuario de que es titular de ficheros de datos de car\u00e1cter personal inscritos en el R.G.P.D. (Registro General de [&hellip;]","og_url":"https:\/\/constforma.com\/?page_id=3","og_site_name":"Constforma","article_modified_time":"2024-11-20T12:19:48+00:00","twitter_card":"summary_large_image","twitter_misc":{"Tiempo de lectura":"3 minutos"},"schema":{"@context":"https:\/\/schema.org","@graph":[{"@type":"WebPage","@id":"https:\/\/constforma.com\/?page_id=3","url":"https:\/\/constforma.com\/?page_id=3","name":"Pol\u00edtica de privacidad - Constforma","isPartOf":{"@id":"https:\/\/constforma.com\/#website"},"datePublished":"2019-04-09T06:09:48+00:00","dateModified":"2024-11-20T12:19:48+00:00","breadcrumb":{"@id":"https:\/\/constforma.com\/?page_id=3#breadcrumb"},"inLanguage":"es","potentialAction":[{"@type":"ReadAction","target":["https:\/\/constforma.com\/?page_id=3"]}]},{"@type":"BreadcrumbList","@id":"https:\/\/constforma.com\/?page_id=3#breadcrumb","itemListElement":[{"@type":"ListItem","position":1,"name":"Portada","item":"https:\/\/constforma.com\/"},{"@type":"ListItem","position":2,"name":"Pol\u00edtica de privacidad"}]},{"@type":"WebSite","@id":"https:\/\/constforma.com\/#website","url":"https:\/\/constforma.com\/","name":"Constforma","description":"Proyectos y reformas","potentialAction":[{"@type":"SearchAction","target":{"@type":"EntryPoint","urlTemplate":"https:\/\/constforma.com\/?s={search_term_string}"},"query-input":"required name=search_term_string"}],"inLanguage":"es"}]}},"_links":{"self":[{"href":"https:\/\/constforma.com\/index.php?rest_route=\/wp\/v2\/pages\/3","targetHints":{"allow":["GET"]}}],"collection":[{"href":"https:\/\/constforma.com\/index.php?rest_route=\/wp\/v2\/pages"}],"about":[{"href":"https:\/\/constforma.com\/index.php?rest_route=\/wp\/v2\/types\/page"}],"author":[{"embeddable":true,"href":"https:\/\/constforma.com\/index.php?rest_route=\/wp\/v2\/users\/1"}],"replies":[{"embeddable":true,"href":"https:\/\/constforma.com\/index.php?rest_route=%2Fwp%2Fv2%2Fcomments&post=3"}],"version-history":[{"count":7,"href":"https:\/\/constforma.com\/index.php?rest_route=\/wp\/v2\/pages\/3\/revisions"}],"predecessor-version":[{"id":675,"href":"https:\/\/constforma.com\/index.php?rest_route=\/wp\/v2\/pages\/3\/revisions\/675"}],"wp:attachment":[{"href":"https:\/\/constforma.com\/index.php?rest_route=%2Fwp%2Fv2%2Fmedia&parent=3"}],"curies":[{"name":"wp","href":"https:\/\/api.w.org\/{rel}","templated":true}]}}