{"id":185,"date":"2019-05-17T07:56:09","date_gmt":"2019-05-17T07:56:09","guid":{"rendered":"http:\/\/constforma.com\/?page_id=185"},"modified":"2019-06-14T10:50:23","modified_gmt":"2019-06-14T10:50:23","slug":"politica-de-cookies","status":"publish","type":"page","link":"https:\/\/constforma.com\/?page_id=185","title":{"rendered":"Pol\u00edtica de cookies"},"content":{"rendered":"\n<p>constforma.com, a trav\u00e9s del presente documento, recoge su Pol\u00edtica de recogida y tratamiento de cookies, en cumplimiento de lo dispuesto en el art\u00edculo 22.2 de la Ley 34\/2002, de 11 de julio, de Servicios de la Sociedad de la Informaci\u00f3n y de Comercio Electr\u00f3nico (LSSICE).<\/p>\n\n\n\n<p>Las cookies se almacenan en el equipo terminal del usuario (ordenador o dispositivo m\u00f3vil) y recopilan informaci\u00f3n al visitar la p\u00e1gina web constforma.com con la finalidad de mejorar la usabilidad de las mismas, conocer los h\u00e1bitos o necesidades de navegaci\u00f3n de los usuarios para poder adaptarse a los mismos, as\u00ed como obtener informaci\u00f3n con fines estad\u00edsticos. En el caso de aquellos usuarios que ya sean clientes de constforma.com , la informaci\u00f3n recabada con las cookies servir\u00e1 tambi\u00e9n para su identificaci\u00f3n al acceder a las distintas herramientas que\u00a0<\/p>\n\n\n\n<p>constforma.com pone a su disposici\u00f3n para la gesti\u00f3n de los servicios.<\/p>\n\n\n\n<p>La presente Pol\u00edtica de Cookies ser\u00e1 de aplicaci\u00f3n a aquellos usuarios que voluntariamente visitan las p\u00e1ginas web de constforma.com, cumplimentan formularios de recogida de datos, acceden a las herramientas que constforma.com pone a disposici\u00f3n de sus clientes para gestionar sus servicios, o utilizan cualquier otro servicio presente en el sitio web que implique la comunicaci\u00f3n de datos a constforma.com o el acceso a datos por constforma.com, para la prestaci\u00f3n de sus servicios.<\/p>\n\n\n\n<p>constforma.com informa a los usuarios de sus p\u00e1ginas web, de la existencia de cookies y pone a su disposici\u00f3n la presente Pol\u00edtica con la finalidad de informarles acerca del uso y del objeto de las mismas. El hecho de continuar la navegaci\u00f3n a trav\u00e9s de sus p\u00e1ginas, supone el conocimiento y la aceptaci\u00f3n de la presente Pol\u00edtica por parte de dichos usuarios.<\/p>\n\n\n\n<p>constforma.com utiliza los siguientes tipos de cookies:<\/p>\n\n\n\n<p>Clasificadas por su titularidad:<\/p>\n\n\n\n<ul class=\"wp-block-list\"><li>Cookies propias: enviadas y gestionadas directamente por\u00a0 constforma.com<\/li><li>Cookies de terceros: enviadas y gestionadas por un tercero ajeno a constforma.com, de forma an\u00f3nima, con la finalidad de realizar estudios estad\u00edsticos de navegaci\u00f3n por las p\u00e1ginas web de\u00a0 constforma.com<\/li><\/ul>\n\n\n\n<p>Clasificadas por su finalidad:<\/p>\n\n\n\n<p>*Cookies t\u00e9cnicas y\/o de personalizaci\u00f3n: facilitan la navegaci\u00f3n, al identificar la sesi\u00f3n, permitir el acceso a herramientas de acceso restringido, adem\u00e1s de configurar a medida las opciones disponibles. Posibilitan la prestaci\u00f3n del servicio solicitado previamente por el usuario.<\/p>\n\n\n\n<p>*Cookies de an\u00e1lisis y\/o publicidad: permiten conocer el n\u00famero de visitas recibidas en las diferentes secciones de las p\u00e1ginas web, los h\u00e1bitos y tendencias de sus usuarios y en consecuencia, poder mejorar la navegaci\u00f3n y el servicio ofrecido por constforma.com (fundamentalmente, Google Analytics), as\u00ed como gestionar los espacios publicitarios incluidos en la p\u00e1gina web visitada por el usuario. Recopila datos de forma an\u00f3nima con la finalidad de obtener perfiles de navegaci\u00f3n de los usuarios.<\/p>\n\n\n\n<p>Clasificadas por su duraci\u00f3n:<\/p>\n\n\n\n<p>*Cookies de sesi\u00f3n: recaban y almacenan los datos mientras el usuario accede a la p\u00e1gina web.<\/p>\n\n\n\n<p>*Cookies persistentes: recaban y almacenan los datos en el terminal del usuario durante un periodo de tiempo variable en funci\u00f3n de cu\u00e1l sea la finalidad para la que han sido utilizadas.<\/p>\n\n\n\n<p>El tiempo de conservaci\u00f3n de las cookies depender\u00e1 del tipo de que se trate y siempre ser\u00e1 el m\u00ednimo indispensable para cumplir su finalidad.<\/p>\n\n\n\n<p>En cualquier caso, los usuarios pueden configurar su navegador, de manera que se deshabilite o bloquee la recepci\u00f3n de todas o algunas de las cookies. El hecho de no desear recibir estas cookies, no constituye un impedimento para poder acceder a la informaci\u00f3n de los sitios web de constforma.com aunque el uso de algunos servicios podr\u00e1 ser limitado. Si una vez otorgado el consentimiento para la recepci\u00f3n de cookies, se desease retirar \u00e9ste, se deber\u00e1n eliminar aquellas almacenadas en el equipo del usuario, a trav\u00e9s de las opciones de los diferentes navegadores.<\/p>\n\n\n\n<p>La forma de configurar los diferentes navegadores para ejercitar las acciones se\u00f1aladas en los p\u00e1rrafos anteriores, se puede consultar en:<\/p>\n\n\n\n<ul class=\"wp-block-list\"><li><a href=\"http:\/\/windows.microsoft.com\/es-es\/windows7\/how-to-manage-cookies\">Explorer: http:\/\/windows.microsoft.com\/es-es\/windows7\/how-to-manage-cookies<\/a><\/li><\/ul>\n\n\n\n<p>-in-internet-explorer-9<\/p>\n\n\n\n<ul class=\"wp-block-list\"><li>Chrome: https:\/\/support.google.com\/chrome\/answer\/95647?hl=es<\/li><li>Firefox: <a href=\"http:\/\/support.mozilla.org\/es\/kb\/cookies-informacion-que-los-siti\">http:\/\/support.mozilla.org\/es\/kb\/cookies-informacion-que-los-siti<\/a> os-web-guardan-en-?redirectlocale=en-US&amp;redirectslug=Cookies<\/li><\/ul>\n","protected":false},"excerpt":{"rendered":"<p>constforma.com, a trav\u00e9s del presente documento, recoge su Pol\u00edtica de recogida y tratamiento de cookies, en cumplimiento de lo dispuesto en el art\u00edculo 22.2 de la Ley 34\/2002, de 11 de julio, de Servicios de la Sociedad de la Informaci\u00f3n y de Comercio Electr\u00f3nico (LSSICE). Las cookies se almacenan en el equipo terminal del usuario [&hellip;]<\/p>\n","protected":false},"author":2,"featured_media":0,"parent":0,"menu_order":0,"comment_status":"closed","ping_status":"closed","template":"","meta":{"_et_pb_use_builder":"off","_et_pb_old_content":"","_exactmetrics_skip_tracking":false,"_exactmetrics_sitenote_active":false,"_exactmetrics_sitenote_note":"","_exactmetrics_sitenote_category":0,"footnotes":""},"class_list":["post-185","page","type-page","status-publish","hentry"],"yoast_head":"<!-- This site is optimized with the Yoast SEO plugin v22.6 - https:\/\/yoast.com\/wordpress\/plugins\/seo\/ -->\n<title>Pol\u00edtica de cookies - Constforma<\/title>\n<meta name=\"robots\" content=\"noindex, nofollow\" \/>\n<meta property=\"og:locale\" content=\"es_ES\" \/>\n<meta property=\"og:type\" content=\"article\" \/>\n<meta property=\"og:title\" content=\"Pol\u00edtica de cookies - Constforma\" \/>\n<meta property=\"og:description\" content=\"constforma.com, a trav\u00e9s del presente documento, recoge su Pol\u00edtica de recogida y tratamiento de cookies, en cumplimiento de lo dispuesto en el art\u00edculo 22.2 de la Ley 34\/2002, de 11 de julio, de Servicios de la Sociedad de la Informaci\u00f3n y de Comercio Electr\u00f3nico (LSSICE). Las cookies se almacenan en el equipo terminal del usuario [&hellip;]\" \/>\n<meta property=\"og:url\" content=\"https:\/\/constforma.com\/?page_id=185\" \/>\n<meta property=\"og:site_name\" content=\"Constforma\" \/>\n<meta property=\"article:modified_time\" content=\"2019-06-14T10:50:23+00:00\" \/>\n<meta name=\"twitter:card\" content=\"summary_large_image\" \/>\n<meta name=\"twitter:label1\" content=\"Tiempo de lectura\" \/>\n\t<meta name=\"twitter:data1\" content=\"4 minutos\" \/>\n<script type=\"application\/ld+json\" class=\"yoast-schema-graph\">{\"@context\":\"https:\/\/schema.org\",\"@graph\":[{\"@type\":\"WebPage\",\"@id\":\"https:\/\/constforma.com\/?page_id=185\",\"url\":\"https:\/\/constforma.com\/?page_id=185\",\"name\":\"Pol\u00edtica de cookies - Constforma\",\"isPartOf\":{\"@id\":\"https:\/\/constforma.com\/#website\"},\"datePublished\":\"2019-05-17T07:56:09+00:00\",\"dateModified\":\"2019-06-14T10:50:23+00:00\",\"breadcrumb\":{\"@id\":\"https:\/\/constforma.com\/?page_id=185#breadcrumb\"},\"inLanguage\":\"es\",\"potentialAction\":[{\"@type\":\"ReadAction\",\"target\":[\"https:\/\/constforma.com\/?page_id=185\"]}]},{\"@type\":\"BreadcrumbList\",\"@id\":\"https:\/\/constforma.com\/?page_id=185#breadcrumb\",\"itemListElement\":[{\"@type\":\"ListItem\",\"position\":1,\"name\":\"Portada\",\"item\":\"https:\/\/constforma.com\/\"},{\"@type\":\"ListItem\",\"position\":2,\"name\":\"Pol\u00edtica de cookies\"}]},{\"@type\":\"WebSite\",\"@id\":\"https:\/\/constforma.com\/#website\",\"url\":\"https:\/\/constforma.com\/\",\"name\":\"Constforma\",\"description\":\"Proyectos y reformas\",\"potentialAction\":[{\"@type\":\"SearchAction\",\"target\":{\"@type\":\"EntryPoint\",\"urlTemplate\":\"https:\/\/constforma.com\/?s={search_term_string}\"},\"query-input\":\"required name=search_term_string\"}],\"inLanguage\":\"es\"}]}<\/script>\n<!-- \/ Yoast SEO plugin. -->","yoast_head_json":{"title":"Pol\u00edtica de cookies - Constforma","robots":{"index":"noindex","follow":"nofollow"},"og_locale":"es_ES","og_type":"article","og_title":"Pol\u00edtica de cookies - Constforma","og_description":"constforma.com, a trav\u00e9s del presente documento, recoge su Pol\u00edtica de recogida y tratamiento de cookies, en cumplimiento de lo dispuesto en el art\u00edculo 22.2 de la Ley 34\/2002, de 11 de julio, de Servicios de la Sociedad de la Informaci\u00f3n y de Comercio Electr\u00f3nico (LSSICE). Las cookies se almacenan en el equipo terminal del usuario [&hellip;]","og_url":"https:\/\/constforma.com\/?page_id=185","og_site_name":"Constforma","article_modified_time":"2019-06-14T10:50:23+00:00","twitter_card":"summary_large_image","twitter_misc":{"Tiempo de lectura":"4 minutos"},"schema":{"@context":"https:\/\/schema.org","@graph":[{"@type":"WebPage","@id":"https:\/\/constforma.com\/?page_id=185","url":"https:\/\/constforma.com\/?page_id=185","name":"Pol\u00edtica de cookies - Constforma","isPartOf":{"@id":"https:\/\/constforma.com\/#website"},"datePublished":"2019-05-17T07:56:09+00:00","dateModified":"2019-06-14T10:50:23+00:00","breadcrumb":{"@id":"https:\/\/constforma.com\/?page_id=185#breadcrumb"},"inLanguage":"es","potentialAction":[{"@type":"ReadAction","target":["https:\/\/constforma.com\/?page_id=185"]}]},{"@type":"BreadcrumbList","@id":"https:\/\/constforma.com\/?page_id=185#breadcrumb","itemListElement":[{"@type":"ListItem","position":1,"name":"Portada","item":"https:\/\/constforma.com\/"},{"@type":"ListItem","position":2,"name":"Pol\u00edtica de cookies"}]},{"@type":"WebSite","@id":"https:\/\/constforma.com\/#website","url":"https:\/\/constforma.com\/","name":"Constforma","description":"Proyectos y reformas","potentialAction":[{"@type":"SearchAction","target":{"@type":"EntryPoint","urlTemplate":"https:\/\/constforma.com\/?s={search_term_string}"},"query-input":"required name=search_term_string"}],"inLanguage":"es"}]}},"_links":{"self":[{"href":"https:\/\/constforma.com\/index.php?rest_route=\/wp\/v2\/pages\/185","targetHints":{"allow":["GET"]}}],"collection":[{"href":"https:\/\/constforma.com\/index.php?rest_route=\/wp\/v2\/pages"}],"about":[{"href":"https:\/\/constforma.com\/index.php?rest_route=\/wp\/v2\/types\/page"}],"author":[{"embeddable":true,"href":"https:\/\/constforma.com\/index.php?rest_route=\/wp\/v2\/users\/2"}],"replies":[{"embeddable":true,"href":"https:\/\/constforma.com\/index.php?rest_route=%2Fwp%2Fv2%2Fcomments&post=185"}],"version-history":[{"count":3,"href":"https:\/\/constforma.com\/index.php?rest_route=\/wp\/v2\/pages\/185\/revisions"}],"predecessor-version":[{"id":380,"href":"https:\/\/constforma.com\/index.php?rest_route=\/wp\/v2\/pages\/185\/revisions\/380"}],"wp:attachment":[{"href":"https:\/\/constforma.com\/index.php?rest_route=%2Fwp%2Fv2%2Fmedia&parent=185"}],"curies":[{"name":"wp","href":"https:\/\/api.w.org\/{rel}","templated":true}]}}