{"id":182,"date":"2019-05-17T07:55:38","date_gmt":"2019-05-17T07:55:38","guid":{"rendered":"http:\/\/constforma.com\/?page_id=182"},"modified":"2024-11-20T12:20:01","modified_gmt":"2024-11-20T12:20:01","slug":"aviso-legal","status":"publish","type":"page","link":"https:\/\/constforma.com\/?page_id=182","title":{"rendered":"Aviso legal"},"content":{"rendered":"<p>[et_pb_section admin_label=\u00bbsection\u00bb]<br \/>\n\t\t[et_pb_row admin_label=\u00bbrow\u00bb]<br \/>\n\t\t\t[et_pb_column type=\u00bb4_4&#8243;][et_pb_text admin_label=\u00bbText\u00bb]<\/p>\n\n\n<p>En cumplimiento del art\u00edculo 10 de la Ley 34\/2002, de 11 de julio, de Servicios de la Sociedad de la Informaci\u00f3n y Comercio Electr\u00f3nico (LSSICE) a continuaci\u00f3n se detallan los datos identificativos de la empresa:<\/p>\n\n\n\n<p>CIPRIAN OCTAVIAN MANEA<\/p>\n\n\n\n<p>CIF X7512617N<\/p>\n\n\n\n<p>C\/ Doctor Fleming 1, Bajo E 46960 Aldaia (VALENCIA)<\/p>\n\n\n\n<p>FINALIDAD DE LA P\u00c1GINA WEB.<\/p>\n\n\n\n<p>Aqu\u00ed debe describir la finalidad o actividad de la web o de la empresa. Precios de los productos o servicios que se ofrecen a trav\u00e9s de la web, con indicaci\u00f3n de los impuestos y gastos de env\u00edo.<\/p>\n\n\n\n<p>El presente aviso legal (en adelante, el \u00abAviso Legal\u00bb) regula el uso del sitio web: constforma.com<\/p>\n\n\n\n<p>LEGISLACI\u00d3N.<\/p>\n\n\n\n<p>Con car\u00e1cter general las relaciones entre constforma.com con los Usuarios de sus servicios telem\u00e1ticos, presentes en este sitio web, se encuentran sometidas a la legislaci\u00f3n y jurisdicci\u00f3n espa\u00f1olas.<\/p>\n\n\n\n<p>USO Y ACCESO DE USUARIOS.<\/p>\n\n\n\n<p>El Usuario queda informado, y acepta, que el acceso a la presente web no supone, en modo alguno, el inicio de una relaci\u00f3n comercial con constforma.com o cualquiera de sus delegaciones.<\/p>\n\n\n\n<p>PROPIEDAD INTELECTUAL E INDUSTRIAL.<\/p>\n\n\n\n<p>Los derechos de propiedad intelectual del contenido de las p\u00e1ginas web, su dise\u00f1o gr\u00e1fico y c\u00f3digos son titularidad de constforma.com y, por tanto, queda prohibida su reproducci\u00f3n, distribuci\u00f3n, comunicaci\u00f3n p\u00fablica, transformaci\u00f3n o cualquier otra actividad que se pueda realizar con los contenidos de sus p\u00e1ginas web ni aun citando las fuentes, salvo consentimiento por escrito deconstforma.com<\/p>\n\n\n\n<p>CONTENIDO DE LA WEB Y ENLACES (LINKS).<\/p>\n\n\n\n<p>constforma.com se reserva el derecho a actualizar, modificar o eliminar la informaci\u00f3n contenida en sus p\u00e1ginas web pudiendo incluso limitar o no permitir el acceso a dicha informaci\u00f3n a ciertos usuarios.<\/p>\n\n\n\n<p>constforma.com no asume responsabilidad alguna por la informaci\u00f3n contenida en p\u00e1ginas web de terceros a las que se pueda acceder por \u00ablinks\u00bb o enlaces desde cualquier p\u00e1gina web propiedad de constforma.com. La presencia de \u00ablinks\u00bb o enlaces en las p\u00e1ginas web de constforma.com tiene finalidad meramente informativa y en ning\u00fan caso supone sugerencia, invitaci\u00f3n o recomendaci\u00f3n sobre los mismos.<\/p>\n\n\n<p>[\/et_pb_text][\/et_pb_column]<br \/>\n\t\t[\/et_pb_row]<br \/>\n\t[\/et_pb_section]<\/p>","protected":false},"excerpt":{"rendered":"<p>[et_pb_section admin_label=\u00bbsection\u00bb] [et_pb_row admin_label=\u00bbrow\u00bb] [et_pb_column type=\u00bb4_4&#8243;][et_pb_text admin_label=\u00bbText\u00bb] En cumplimiento del art\u00edculo 10 de la Ley 34\/2002, de 11 de julio, de Servicios de la Sociedad de la Informaci\u00f3n y Comercio Electr\u00f3nico (LSSICE) a continuaci\u00f3n se detallan los datos identificativos de la empresa: CIPRIAN OCTAVIAN MANEA CIF X7512617N C\/ Doctor Fleming 1, Bajo E 46960 Aldaia [&hellip;]<\/p>\n","protected":false},"author":2,"featured_media":0,"parent":0,"menu_order":0,"comment_status":"closed","ping_status":"closed","template":"","meta":{"_et_pb_use_builder":"on","_et_pb_old_content":"<!-- wp:paragraph -->\n<p>En cumplimiento del art\u00edculo 10 de la Ley 34\/2002, de 11 de julio, de Servicios de la Sociedad de la Informaci\u00f3n y Comercio Electr\u00f3nico (LSSICE) a continuaci\u00f3n se detallan los datos identificativos de la empresa:<\/p>\n<!-- \/wp:paragraph -->\n\n<!-- wp:paragraph -->\n<p>CIPRIAN OCTAVIAN MANEA<\/p>\n<!-- \/wp:paragraph -->\n\n<!-- wp:paragraph -->\n<p>CIF X7512617N<\/p>\n<!-- \/wp:paragraph -->\n\n<!-- wp:paragraph -->\n<p>C\/LA PARRETA, 28 \u00a046950 XIRIVELLA, VALENCIA.<\/p>\n<!-- \/wp:paragraph -->\n\n<!-- wp:paragraph -->\n<p>FINALIDAD DE LA P\u00c1GINA WEB.<\/p>\n<!-- \/wp:paragraph -->\n\n<!-- wp:paragraph -->\n<p>Aqu\u00ed debe describir la finalidad o actividad de la web o de la empresa. Precios de los productos o servicios que se ofrecen a trav\u00e9s de la web, con indicaci\u00f3n de los impuestos y gastos de env\u00edo.<\/p>\n<!-- \/wp:paragraph -->\n\n<!-- wp:paragraph -->\n<p>El presente aviso legal (en adelante, el \"Aviso Legal\") regula el uso del sitio web: constforma.com<\/p>\n<!-- \/wp:paragraph -->\n\n<!-- wp:paragraph -->\n<p>LEGISLACI\u00d3N.<\/p>\n<!-- \/wp:paragraph -->\n\n<!-- wp:paragraph -->\n<p>Con car\u00e1cter general las relaciones entre constforma.com con los Usuarios de sus servicios telem\u00e1ticos, presentes en este sitio web, se encuentran sometidas a la legislaci\u00f3n y jurisdicci\u00f3n espa\u00f1olas.<\/p>\n<!-- \/wp:paragraph -->\n\n<!-- wp:paragraph -->\n<p>USO Y ACCESO DE USUARIOS.<\/p>\n<!-- \/wp:paragraph -->\n\n<!-- wp:paragraph -->\n<p>El Usuario queda informado, y acepta, que el acceso a la presente web no supone, en modo alguno, el inicio de una relaci\u00f3n comercial con constforma.com o cualquiera de sus delegaciones.<\/p>\n<!-- \/wp:paragraph -->\n\n<!-- wp:paragraph -->\n<p>PROPIEDAD INTELECTUAL E INDUSTRIAL.<\/p>\n<!-- \/wp:paragraph -->\n\n<!-- wp:paragraph -->\n<p>Los derechos de propiedad intelectual del contenido de las p\u00e1ginas web, su dise\u00f1o gr\u00e1fico y c\u00f3digos son titularidad de constforma.com y, por tanto, queda prohibida su reproducci\u00f3n, distribuci\u00f3n, comunicaci\u00f3n p\u00fablica, transformaci\u00f3n o cualquier otra actividad que se pueda realizar con los contenidos de sus p\u00e1ginas web ni aun citando las fuentes, salvo consentimiento por escrito deconstforma.com<\/p>\n<!-- \/wp:paragraph -->\n\n<!-- wp:paragraph -->\n<p>CONTENIDO DE LA WEB Y ENLACES (LINKS).<\/p>\n<!-- \/wp:paragraph -->\n\n<!-- wp:paragraph -->\n<p>constforma.com se reserva el derecho a actualizar, modificar o eliminar la informaci\u00f3n contenida en sus p\u00e1ginas web pudiendo incluso limitar o no permitir el acceso a dicha informaci\u00f3n a ciertos usuarios.<\/p>\n<!-- \/wp:paragraph -->\n\n<!-- wp:paragraph -->\n<p>constforma.com no asume responsabilidad alguna por la informaci\u00f3n contenida en p\u00e1ginas web de terceros a las que se pueda acceder por \"links\" o enlaces desde cualquier p\u00e1gina web propiedad de constforma.com. La presencia de \"links\" o enlaces en las p\u00e1ginas web de constforma.com tiene finalidad meramente informativa y en ning\u00fan caso supone sugerencia, invitaci\u00f3n o recomendaci\u00f3n sobre los mismos.<\/p>\n<!-- \/wp:paragraph -->","_exactmetrics_skip_tracking":false,"_exactmetrics_sitenote_active":false,"_exactmetrics_sitenote_note":"","_exactmetrics_sitenote_category":0,"footnotes":""},"class_list":["post-182","page","type-page","status-publish","hentry"],"yoast_head":"<!-- This site is optimized with the Yoast SEO plugin v22.6 - https:\/\/yoast.com\/wordpress\/plugins\/seo\/ -->\n<title>Aviso legal - Constforma<\/title>\n<meta name=\"robots\" content=\"noindex, nofollow\" \/>\n<meta property=\"og:locale\" content=\"es_ES\" \/>\n<meta property=\"og:type\" content=\"article\" \/>\n<meta property=\"og:title\" content=\"Aviso legal - Constforma\" \/>\n<meta property=\"og:description\" content=\"[et_pb_section admin_label=\u00bbsection\u00bb] [et_pb_row admin_label=\u00bbrow\u00bb] [et_pb_column type=\u00bb4_4&#8243;][et_pb_text admin_label=\u00bbText\u00bb] En cumplimiento del art\u00edculo 10 de la Ley 34\/2002, de 11 de julio, de Servicios de la Sociedad de la Informaci\u00f3n y Comercio Electr\u00f3nico (LSSICE) a continuaci\u00f3n se detallan los datos identificativos de la empresa: CIPRIAN OCTAVIAN MANEA CIF X7512617N C\/ Doctor Fleming 1, Bajo E 46960 Aldaia [&hellip;]\" \/>\n<meta property=\"og:url\" content=\"https:\/\/constforma.com\/?page_id=182\" \/>\n<meta property=\"og:site_name\" content=\"Constforma\" \/>\n<meta property=\"article:modified_time\" content=\"2024-11-20T12:20:01+00:00\" \/>\n<meta name=\"twitter:card\" content=\"summary_large_image\" \/>\n<meta name=\"twitter:label1\" content=\"Tiempo de lectura\" \/>\n\t<meta name=\"twitter:data1\" content=\"2 minutos\" \/>\n<script type=\"application\/ld+json\" class=\"yoast-schema-graph\">{\"@context\":\"https:\/\/schema.org\",\"@graph\":[{\"@type\":\"WebPage\",\"@id\":\"https:\/\/constforma.com\/?page_id=182\",\"url\":\"https:\/\/constforma.com\/?page_id=182\",\"name\":\"Aviso legal - Constforma\",\"isPartOf\":{\"@id\":\"https:\/\/constforma.com\/#website\"},\"datePublished\":\"2019-05-17T07:55:38+00:00\",\"dateModified\":\"2024-11-20T12:20:01+00:00\",\"breadcrumb\":{\"@id\":\"https:\/\/constforma.com\/?page_id=182#breadcrumb\"},\"inLanguage\":\"es\",\"potentialAction\":[{\"@type\":\"ReadAction\",\"target\":[\"https:\/\/constforma.com\/?page_id=182\"]}]},{\"@type\":\"BreadcrumbList\",\"@id\":\"https:\/\/constforma.com\/?page_id=182#breadcrumb\",\"itemListElement\":[{\"@type\":\"ListItem\",\"position\":1,\"name\":\"Portada\",\"item\":\"https:\/\/constforma.com\/\"},{\"@type\":\"ListItem\",\"position\":2,\"name\":\"Aviso legal\"}]},{\"@type\":\"WebSite\",\"@id\":\"https:\/\/constforma.com\/#website\",\"url\":\"https:\/\/constforma.com\/\",\"name\":\"Constforma\",\"description\":\"Proyectos y reformas\",\"potentialAction\":[{\"@type\":\"SearchAction\",\"target\":{\"@type\":\"EntryPoint\",\"urlTemplate\":\"https:\/\/constforma.com\/?s={search_term_string}\"},\"query-input\":\"required name=search_term_string\"}],\"inLanguage\":\"es\"}]}<\/script>\n<!-- \/ Yoast SEO plugin. -->","yoast_head_json":{"title":"Aviso legal - Constforma","robots":{"index":"noindex","follow":"nofollow"},"og_locale":"es_ES","og_type":"article","og_title":"Aviso legal - Constforma","og_description":"[et_pb_section admin_label=\u00bbsection\u00bb] [et_pb_row admin_label=\u00bbrow\u00bb] [et_pb_column type=\u00bb4_4&#8243;][et_pb_text admin_label=\u00bbText\u00bb] En cumplimiento del art\u00edculo 10 de la Ley 34\/2002, de 11 de julio, de Servicios de la Sociedad de la Informaci\u00f3n y Comercio Electr\u00f3nico (LSSICE) a continuaci\u00f3n se detallan los datos identificativos de la empresa: CIPRIAN OCTAVIAN MANEA CIF X7512617N C\/ Doctor Fleming 1, Bajo E 46960 Aldaia [&hellip;]","og_url":"https:\/\/constforma.com\/?page_id=182","og_site_name":"Constforma","article_modified_time":"2024-11-20T12:20:01+00:00","twitter_card":"summary_large_image","twitter_misc":{"Tiempo de lectura":"2 minutos"},"schema":{"@context":"https:\/\/schema.org","@graph":[{"@type":"WebPage","@id":"https:\/\/constforma.com\/?page_id=182","url":"https:\/\/constforma.com\/?page_id=182","name":"Aviso legal - Constforma","isPartOf":{"@id":"https:\/\/constforma.com\/#website"},"datePublished":"2019-05-17T07:55:38+00:00","dateModified":"2024-11-20T12:20:01+00:00","breadcrumb":{"@id":"https:\/\/constforma.com\/?page_id=182#breadcrumb"},"inLanguage":"es","potentialAction":[{"@type":"ReadAction","target":["https:\/\/constforma.com\/?page_id=182"]}]},{"@type":"BreadcrumbList","@id":"https:\/\/constforma.com\/?page_id=182#breadcrumb","itemListElement":[{"@type":"ListItem","position":1,"name":"Portada","item":"https:\/\/constforma.com\/"},{"@type":"ListItem","position":2,"name":"Aviso legal"}]},{"@type":"WebSite","@id":"https:\/\/constforma.com\/#website","url":"https:\/\/constforma.com\/","name":"Constforma","description":"Proyectos y reformas","potentialAction":[{"@type":"SearchAction","target":{"@type":"EntryPoint","urlTemplate":"https:\/\/constforma.com\/?s={search_term_string}"},"query-input":"required name=search_term_string"}],"inLanguage":"es"}]}},"_links":{"self":[{"href":"https:\/\/constforma.com\/index.php?rest_route=\/wp\/v2\/pages\/182","targetHints":{"allow":["GET"]}}],"collection":[{"href":"https:\/\/constforma.com\/index.php?rest_route=\/wp\/v2\/pages"}],"about":[{"href":"https:\/\/constforma.com\/index.php?rest_route=\/wp\/v2\/types\/page"}],"author":[{"embeddable":true,"href":"https:\/\/constforma.com\/index.php?rest_route=\/wp\/v2\/users\/2"}],"replies":[{"embeddable":true,"href":"https:\/\/constforma.com\/index.php?rest_route=%2Fwp%2Fv2%2Fcomments&post=182"}],"version-history":[{"count":6,"href":"https:\/\/constforma.com\/index.php?rest_route=\/wp\/v2\/pages\/182\/revisions"}],"predecessor-version":[{"id":673,"href":"https:\/\/constforma.com\/index.php?rest_route=\/wp\/v2\/pages\/182\/revisions\/673"}],"wp:attachment":[{"href":"https:\/\/constforma.com\/index.php?rest_route=%2Fwp%2Fv2%2Fmedia&parent=182"}],"curies":[{"name":"wp","href":"https:\/\/api.w.org\/{rel}","templated":true}]}}